{"id":82,"date":"2025-09-17T11:24:09","date_gmt":"2025-09-17T11:24:09","guid":{"rendered":"https:\/\/ktiml.mff.cuni.cz\/~svancara\/?page_id=82"},"modified":"2026-02-17T19:25:03","modified_gmt":"2026-02-17T19:25:03","slug":"ads-1","status":"publish","type":"page","link":"https:\/\/ktiml.mff.cuni.cz\/~svancara\/teaching\/ads-1\/","title":{"rendered":"Algoritmy a datov\u00e9 struktury 1"},"content":{"rendered":"\n<div style=\"height:10px\" aria-hidden=\"true\" class=\"wp-block-spacer\"><\/div>\n\n\n<nav class=\"is-responsive wp-block-navigation is-layout-flex wp-block-navigation-is-layout-flex\" aria-label=\"Navigation\" \n\t\t data-wp-interactive=\"core\/navigation\" data-wp-context='{\"overlayOpenedBy\":{\"click\":false,\"hover\":false,\"focus\":false},\"type\":\"overlay\",\"roleAttribute\":\"\",\"ariaLabel\":\"Menu\"}'><button aria-haspopup=\"dialog\" aria-label=\"Open menu\" class=\"wp-block-navigation__responsive-container-open\" \n\t\t\t\tdata-wp-on-async--click=\"actions.openMenuOnClick\"\n\t\t\t\tdata-wp-on--keydown=\"actions.handleMenuKeydown\"\n\t\t\t><svg width=\"24\" height=\"24\" xmlns=\"http:\/\/www.w3.org\/2000\/svg\" viewBox=\"0 0 24 24\" aria-hidden=\"true\" focusable=\"false\"><rect x=\"4\" y=\"7.5\" width=\"16\" height=\"1.5\" \/><rect x=\"4\" y=\"15\" width=\"16\" height=\"1.5\" \/><\/svg><\/button>\n\t\t\t\t<div class=\"wp-block-navigation__responsive-container\"  id=\"modal-1\" \n\t\t\t\tdata-wp-class--has-modal-open=\"state.isMenuOpen\"\n\t\t\t\tdata-wp-class--is-menu-open=\"state.isMenuOpen\"\n\t\t\t\tdata-wp-watch=\"callbacks.initMenu\"\n\t\t\t\tdata-wp-on--keydown=\"actions.handleMenuKeydown\"\n\t\t\t\tdata-wp-on-async--focusout=\"actions.handleMenuFocusout\"\n\t\t\t\ttabindex=\"-1\"\n\t\t\t>\n\t\t\t\t\t<div class=\"wp-block-navigation__responsive-close\" tabindex=\"-1\">\n\t\t\t\t\t\t<div class=\"wp-block-navigation__responsive-dialog\" \n\t\t\t\tdata-wp-bind--aria-modal=\"state.ariaModal\"\n\t\t\t\tdata-wp-bind--aria-label=\"state.ariaLabel\"\n\t\t\t\tdata-wp-bind--role=\"state.roleAttribute\"\n\t\t\t>\n\t\t\t\t\t\t\t<button aria-label=\"Close menu\" class=\"wp-block-navigation__responsive-container-close\" \n\t\t\t\tdata-wp-on-async--click=\"actions.closeMenuOnClick\"\n\t\t\t><svg xmlns=\"http:\/\/www.w3.org\/2000\/svg\" viewBox=\"0 0 24 24\" width=\"24\" height=\"24\" aria-hidden=\"true\" focusable=\"false\"><path d=\"m13.06 12 6.47-6.47-1.06-1.06L12 10.94 5.53 4.47 4.47 5.53 10.94 12l-6.47 6.47 1.06 1.06L12 13.06l6.47 6.47 1.06-1.06L13.06 12Z\"><\/path><\/svg><\/button>\n\t\t\t\t\t\t\t<div class=\"wp-block-navigation__responsive-container-content\" \n\t\t\t\tdata-wp-watch=\"callbacks.focusFirstElement\"\n\t\t\t id=\"modal-1-content\">\n\t\t\t\t\t\t\t\t<ul class=\"wp-block-navigation__container is-responsive wp-block-navigation\"><li class=\" wp-block-navigation-item wp-block-navigation-link\"><a class=\"wp-block-navigation-item__content\"  href=\"https:\/\/ktiml.mff.cuni.cz\/~svancara\/\"><span class=\"wp-block-navigation-item__label\">Home<\/span><\/a><\/li><li class=\" wp-block-navigation-item wp-block-navigation-link\"><a class=\"wp-block-navigation-item__content\"  href=\"https:\/\/ktiml.mff.cuni.cz\/~svancara\/teaching\/\"><span class=\"wp-block-navigation-item__label\">Teaching<\/span><\/a><\/li><li class=\" wp-block-navigation-item wp-block-navigation-link\"><a class=\"wp-block-navigation-item__content\"  href=\"https:\/\/ktiml.mff.cuni.cz\/~svancara\/publications\/\"><span class=\"wp-block-navigation-item__label\">Publications<\/span><\/a><\/li><li class=\" wp-block-navigation-item wp-block-navigation-link\"><a class=\"wp-block-navigation-item__content\"  href=\"https:\/\/ktiml.mff.cuni.cz\/~svancara\/thesis_topics\/\"><span class=\"wp-block-navigation-item__label\">Thesis topics<\/span><\/a><\/li><\/ul>\n\t\t\t\t\t\t\t<\/div>\n\t\t\t\t\t\t<\/div>\n\t\t\t\t\t<\/div>\n\t\t\t\t<\/div><\/nav>\n\n\n<hr class=\"wp-block-separator alignwide has-alpha-channel-opacity\"\/>\n\n\n\n<div class=\"wp-block-columns alignwide is-layout-flex wp-container-core-columns-is-layout-28f84493 wp-block-columns-is-layout-flex\">\n<div class=\"wp-block-column is-layout-flow wp-block-column-is-layout-flow\">\n<p class=\"has-x-large-font-size\"><strong>ADS I<\/strong><\/p>\n\n\n\n<p>Cvi\u010den\u00ed k p\u0159edn\u00e1\u0161ce Algoritmy a datov\u00e9 struktury I<\/p>\n\n\n\n<p><strong>Doporu\u010den\u00e1 literatura<\/strong><\/p>\n\n\n\n<ul class=\"wp-block-list\">\n<li><a href=\"http:\/\/pruvodce.ucw.cz\/static\/pruvodce.pdf\">Pr\u016fvodce labyrintem algoritm\u016f<\/a><\/li>\n\n\n\n<li>Pro z\u00e1jemce o slo\u017eit\u011bj\u0161\u00ed grafov\u00e9 algoritmy &#8211;&nbsp;<a href=\"http:\/\/mj.ucw.cz\/vyuka\/ga\/\">Krajinou grafov\u00fdch algoritm\u016f<\/a><\/li>\n<\/ul>\n\n\n\n<p><strong>Organizace<\/strong><\/p>\n\n\n\n<p>K z\u00edsk\u00e1n\u00ed z\u00e1po\u010dtu je nutno nasb\u00edrat 100 bod\u016f ze 150 mo\u017en\u00fdch.<\/p>\n\n\n\n<p>Na cvi\u010den\u00ed bude zad\u00e1no n\u011bkolik \u00fakol\u016f a za spr\u00e1vn\u00e9 vy\u0159e\u0161en\u00ed alespo\u0148 jednoho z nich je odm\u011bna 10 bod\u016f (za vy\u0159e\u0161en\u00ed v\u00edce \u00fakol\u016f z jednoho cvi\u010den\u00ed je st\u00e1le 10 bod\u016f). Deadline pro odevzd\u00e1n\u00ed \u00fakolu je v\u017edy 14 dn\u00ed. Celkem bude zad\u00e1no 9 sad \u00fakol\u016f. V\u0161imn\u011bte si, \u017ee pouze za \u00fakoly nelze z\u00edskat z\u00e1po\u010det! Je pot\u0159eba aktivn\u011b doch\u00e1zet na cvi\u010den\u00ed.<\/p>\n\n\n\n<p>Na za\u010d\u00e1tku cvi\u010den\u00ed budeme ps\u00e1t kr\u00e1tk\u00e9 testy. Za ka\u017ed\u00fd test lze z\u00edskat 5 bod\u016f, celkem bude 6 test\u016f. Celkov\u011b lze za testy tedy z\u00edskat 30 bod\u016f.<\/p>\n\n\n\n<p>Aktivita na cvi\u010den\u00ed (rozumn\u00fd pokus o vy\u0159e\u0161en\u00ed p\u0159\u00edkladu u tabule) bude odm\u011bn\u011bna&nbsp;5&nbsp;body (v\u00edce aktivity na jednom cvi\u010den\u00ed je st\u00e1le&nbsp;5&nbsp;bod\u016f). Celkov\u011b lze za aktivitu z\u00edskat 30 bod\u016f.<\/p>\n\n\n\n<p>Zadan\u00e9 \u00fakoly i z\u00edskan\u00e9 body nalezne na\u00a0<a href=\"https:\/\/owl.mff.cuni.cz\/\">po\u0161tovn\u00ed sov\u011b<\/a>. Token pro zaps\u00e1n\u00ed bude zve\u0159ejn\u011bn na prvn\u00ed hodin\u011b a rozesl\u00e1n prvn\u00ed t\u00fdden semestru hromadn\u00fdm mailem. Pokud jste se k na\u0161emu cvi\u010den\u00ed p\u0159idali pozd\u011bji, napi\u0161te si o token p\u0159\u00edmo m\u011b.<\/p>\n<\/div>\n<\/div>\n\n\n\n<div style=\"height:50px\" aria-hidden=\"true\" class=\"wp-block-spacer\"><\/div>\n","protected":false},"excerpt":{"rendered":"<p>ADS I Cvi\u010den\u00ed k p\u0159edn\u00e1\u0161ce Algoritmy a datov\u00e9 struktury I Doporu\u010den\u00e1 literatura Organizace K z\u00edsk\u00e1n\u00ed z\u00e1po\u010dtu je nutno nasb\u00edrat 100 bod\u016f ze 150 mo\u017en\u00fdch. Na cvi\u010den\u00ed bude zad\u00e1no n\u011bkolik \u00fakol\u016f a za spr\u00e1vn\u00e9 vy\u0159e\u0161en\u00ed alespo\u0148 jednoho z nich je odm\u011bna 10 bod\u016f (za vy\u0159e\u0161en\u00ed v\u00edce \u00fakol\u016f z jednoho cvi\u010den\u00ed je st\u00e1le 10 bod\u016f). Deadline pro [&hellip;]<\/p>\n","protected":false},"author":1,"featured_media":0,"parent":16,"menu_order":0,"comment_status":"closed","ping_status":"closed","template":"","meta":{"footnotes":""},"class_list":["post-82","page","type-page","status-publish","hentry"],"_links":{"self":[{"href":"https:\/\/ktiml.mff.cuni.cz\/~svancara\/wp-json\/wp\/v2\/pages\/82","targetHints":{"allow":["GET"]}}],"collection":[{"href":"https:\/\/ktiml.mff.cuni.cz\/~svancara\/wp-json\/wp\/v2\/pages"}],"about":[{"href":"https:\/\/ktiml.mff.cuni.cz\/~svancara\/wp-json\/wp\/v2\/types\/page"}],"author":[{"embeddable":true,"href":"https:\/\/ktiml.mff.cuni.cz\/~svancara\/wp-json\/wp\/v2\/users\/1"}],"replies":[{"embeddable":true,"href":"https:\/\/ktiml.mff.cuni.cz\/~svancara\/wp-json\/wp\/v2\/comments?post=82"}],"version-history":[{"count":4,"href":"https:\/\/ktiml.mff.cuni.cz\/~svancara\/wp-json\/wp\/v2\/pages\/82\/revisions"}],"predecessor-version":[{"id":149,"href":"https:\/\/ktiml.mff.cuni.cz\/~svancara\/wp-json\/wp\/v2\/pages\/82\/revisions\/149"}],"up":[{"embeddable":true,"href":"https:\/\/ktiml.mff.cuni.cz\/~svancara\/wp-json\/wp\/v2\/pages\/16"}],"wp:attachment":[{"href":"https:\/\/ktiml.mff.cuni.cz\/~svancara\/wp-json\/wp\/v2\/media?parent=82"}],"curies":[{"name":"wp","href":"https:\/\/api.w.org\/{rel}","templated":true}]}}